{"id":987761,"date":"2021-10-04T12:14:57","date_gmt":"2021-10-04T10:14:57","guid":{"rendered":"http:\/\/nature-makeup.fr\/?page_id=987761"},"modified":"2025-12-15T22:18:00","modified_gmt":"2025-12-15T21:18:00","slug":"maquillage-therapeutique","status":"publish","type":"page","link":"https:\/\/nature-makeup.fr\/index.php\/naturopathie\/maquillage-therapeutique\/","title":{"rendered":"Ateliers Maquillage"},"content":{"rendered":"<div class=\"vgblk-rw-wrapper limit-wrapper\">\n\n\t<p>Notre accompagnement<\/p>\n<h1>Maquillage Bien-\u00eatre<br \/>\nen Haute &#8211; Savoie et Suisse Romande<\/h1>\n\t\t\t\t\t\t\t<img loading=\"lazy\" width=\"618\" height=\"618\" src=\"http:\/\/nature-makeup.fr\/wp-content\/uploads\/2021\/10\/maquillage-therapeutique-02-3.png\" alt=\"maquillage-therapeutique-02\" itemprop=\"image\" title=\"maquillage-therapeutique-02\" onerror=\"this.style.display='none'\"  sizes=\"(max-width: 768px) 100vw, 100vw\" srcset=\"data:image\/svg+xml;utf8,&lt;svg%20xmlns=&quot;http:\/\/www.w3.org\/2000\/svg&quot;%20viewBox=&quot;0%200%20618%20618&quot;%20height=&quot;618px&quot;%20width=&quot;618px&quot;\/&gt;\" data-srcset=\"https:\/\/nature-makeup.fr\/wp-content\/uploads\/2021\/10\/maquillage-therapeutique-02-3.png 618w, https:\/\/nature-makeup.fr\/wp-content\/uploads\/2021\/10\/maquillage-therapeutique-02-3-300x300.png 300w, https:\/\/nature-makeup.fr\/wp-content\/uploads\/2021\/10\/maquillage-therapeutique-02-3-150x150.png 150w, https:\/\/nature-makeup.fr\/wp-content\/uploads\/2021\/10\/maquillage-therapeutique-02-3-570x570.png 570w, https:\/\/nature-makeup.fr\/wp-content\/uploads\/2021\/10\/maquillage-therapeutique-02-3-380x380.png 380w, https:\/\/nature-makeup.fr\/wp-content\/uploads\/2021\/10\/maquillage-therapeutique-02-3-285x285.png 285w, https:\/\/nature-makeup.fr\/wp-content\/uploads\/2021\/10\/maquillage-therapeutique-02-3-100x100.png 100w\" \/>\t\t\t\t\t\t\t\n\t<h2>Le Maquillage\u00a0Beaut\u00e9 &amp; Bien -\u00catre<\/h2>\n\t<strong data-start=\"274\" data-end=\"367\">Un accompagnement\u00a0 pour r\u00e9v\u00e9ler votre visage, votre confiance et votre \u00e9quilibre.<\/strong>\nGr\u00e2ce \u00e0 une approche qui allie gestuelle, d\u00e9couverte de soi et mise en valeur, je vous propose un moment unique de soin, en Haute\u2011Savoie et Suisse Romande.\n<h3 data-start=\"535\" data-end=\"588\"><strong data-start=\"539\" data-end=\"586\">Qu&#8217;est-ce que le maquillage bien-\u00eatre ?<\/strong><\/h3>\nLe maquillage est un rituel de beaut\u00e9 qui va bien au\u2011del\u00e0 de l&#8217;apparence. Il vous invite \u00e0 vous (re)d\u00e9couvrir, \u00e0 prendre un temps pour vous et \u00e0 participer activement \u00e0 votre bien\u2011\u00eatre.\nQue vous souhaitiez un maquillage quotidien, un coup d&#8217;\u00e9clat ou un accompagnement adapt\u00e9 \u00e0 une probl\u00e9matique sp\u00e9cifique, je vous guide pas \u00e0 pas pour apprendre les gestes qui vous valorisent et vous reconnectent \u00e0 vous-m\u00eame.\n\n\t<h2>4 \u00e9tapes simples et ludiques<br \/>\nde nos ateliers maquillage<\/h2>\n\t<p>Votre s\u00e9ance se d\u00e9roule en quatre \u00e9tapes pour un apprentissage clair et progressif.<\/p>\n\t\t\t\t\t\t\t<img loading=\"lazy\" width=\"752\" height=\"661\" src=\"http:\/\/nature-makeup.fr\/wp-content\/uploads\/2021\/10\/maquillage-therapeutique-02-2.png\" alt=\"maquillage-therapeutique-02\" itemprop=\"image\" title=\"maquillage-therapeutique-02\" onerror=\"this.style.display='none'\"  sizes=\"\" srcset=\"data:image\/svg+xml;utf8,&lt;svg%20xmlns=&quot;http:\/\/www.w3.org\/2000\/svg&quot;%20viewBox=&quot;0%200%20752%20661&quot;%20height=&quot;661px&quot;%20width=&quot;752px&quot;\/&gt;\" data-srcset=\"https:\/\/nature-makeup.fr\/wp-content\/uploads\/2021\/10\/maquillage-therapeutique-02-2.png 752w, https:\/\/nature-makeup.fr\/wp-content\/uploads\/2021\/10\/maquillage-therapeutique-02-2-300x264.png 300w, https:\/\/nature-makeup.fr\/wp-content\/uploads\/2021\/10\/maquillage-therapeutique-02-2-570x501.png 570w, https:\/\/nature-makeup.fr\/wp-content\/uploads\/2021\/10\/maquillage-therapeutique-02-2-380x334.png 380w, https:\/\/nature-makeup.fr\/wp-content\/uploads\/2021\/10\/maquillage-therapeutique-02-2-285x251.png 285w\" \/>\t\t\t\t\t\t\t\n\t<h3>Votre garde de robe beaut\u00e9<\/h3>\n\t<p>Un moment d&#8217;exploration de vos produits pour comprendre vos habitudes, identifier ce qui vous correspond et simplifier votre routine.<\/p>\n\t\t\t\t\t\t\t<img loading=\"lazy\" width=\"750\" height=\"661\" src=\"http:\/\/nature-makeup.fr\/wp-content\/uploads\/2021\/10\/maquillage-therapeutique-03-2.png\" alt=\"maquillage-therapeutique-03\" itemprop=\"image\" title=\"maquillage-therapeutique-03\" onerror=\"this.style.display='none'\"  sizes=\"\" srcset=\"data:image\/svg+xml;utf8,&lt;svg%20xmlns=&quot;http:\/\/www.w3.org\/2000\/svg&quot;%20viewBox=&quot;0%200%20750%20661&quot;%20height=&quot;661px&quot;%20width=&quot;750px&quot;\/&gt;\" data-srcset=\"https:\/\/nature-makeup.fr\/wp-content\/uploads\/2021\/10\/maquillage-therapeutique-03-2.png 750w, https:\/\/nature-makeup.fr\/wp-content\/uploads\/2021\/10\/maquillage-therapeutique-03-2-300x264.png 300w, https:\/\/nature-makeup.fr\/wp-content\/uploads\/2021\/10\/maquillage-therapeutique-03-2-570x502.png 570w, https:\/\/nature-makeup.fr\/wp-content\/uploads\/2021\/10\/maquillage-therapeutique-03-2-380x335.png 380w, https:\/\/nature-makeup.fr\/wp-content\/uploads\/2021\/10\/maquillage-therapeutique-03-2-285x251.png 285w\" \/>\t\t\t\t\t\t\t\n\t<h3>Analyse de la morphologie du visage<\/h3>\n\t<p>Une approche sur mesure qui prend en compte la morphologie de votre visage et vos expressions naturelles, afin de mettre en valeur votre singularit\u00e9 avec finesse.<\/p>\n\t\t\t\t\t\t\t<img loading=\"lazy\" width=\"750\" height=\"661\" src=\"http:\/\/nature-makeup.fr\/wp-content\/uploads\/2021\/10\/maquillage-therapeutique-04-2.png\" alt=\"maquillage-therapeutique-04\" itemprop=\"image\" title=\"maquillage-therapeutique-04\" onerror=\"this.style.display='none'\"  sizes=\"\" srcset=\"data:image\/svg+xml;utf8,&lt;svg%20xmlns=&quot;http:\/\/www.w3.org\/2000\/svg&quot;%20viewBox=&quot;0%200%20750%20661&quot;%20height=&quot;661px&quot;%20width=&quot;750px&quot;\/&gt;\" data-srcset=\"https:\/\/nature-makeup.fr\/wp-content\/uploads\/2021\/10\/maquillage-therapeutique-04-2.png 750w, https:\/\/nature-makeup.fr\/wp-content\/uploads\/2021\/10\/maquillage-therapeutique-04-2-300x264.png 300w, https:\/\/nature-makeup.fr\/wp-content\/uploads\/2021\/10\/maquillage-therapeutique-04-2-570x502.png 570w, https:\/\/nature-makeup.fr\/wp-content\/uploads\/2021\/10\/maquillage-therapeutique-04-2-380x335.png 380w, https:\/\/nature-makeup.fr\/wp-content\/uploads\/2021\/10\/maquillage-therapeutique-04-2-285x251.png 285w\" \/>\t\t\t\t\t\t\t\n\t<h3>Pr\u00e9paration de la peau<\/h3>\n\t<p>Une pr\u00e9paration essentielle, avec des conseils adapt\u00e9s pour mettre votre peau en valeur et assurer confort, \u00e9clat et tenue du maquillage.<\/p>\n\t\t\t\t\t\t\t<img loading=\"lazy\" width=\"750\" height=\"661\" src=\"http:\/\/nature-makeup.fr\/wp-content\/uploads\/2021\/10\/maquillage-therapeutique-05-2.png\" alt=\"maquillage-therapeutique-05\" itemprop=\"image\" title=\"maquillage-therapeutique-05\" onerror=\"this.style.display='none'\"  sizes=\"\" srcset=\"data:image\/svg+xml;utf8,&lt;svg%20xmlns=&quot;http:\/\/www.w3.org\/2000\/svg&quot;%20viewBox=&quot;0%200%20750%20661&quot;%20height=&quot;661px&quot;%20width=&quot;750px&quot;\/&gt;\" data-srcset=\"https:\/\/nature-makeup.fr\/wp-content\/uploads\/2021\/10\/maquillage-therapeutique-05-2.png 750w, https:\/\/nature-makeup.fr\/wp-content\/uploads\/2021\/10\/maquillage-therapeutique-05-2-300x264.png 300w, https:\/\/nature-makeup.fr\/wp-content\/uploads\/2021\/10\/maquillage-therapeutique-05-2-570x502.png 570w, https:\/\/nature-makeup.fr\/wp-content\/uploads\/2021\/10\/maquillage-therapeutique-05-2-380x335.png 380w, https:\/\/nature-makeup.fr\/wp-content\/uploads\/2021\/10\/maquillage-therapeutique-05-2-285x251.png 285w\" \/>\t\t\t\t\t\t\t\n\t<h3>Technique de maquillage<\/h3>\n\tUne s\u00e9ance guid\u00e9e pour apprendre et reproduire les gestes essentiels, afin de r\u00e9v\u00e9ler votre beaut\u00e9 naturelle, gagner en autonomie et retrouver confiance dans votre maquillage quotidien.\n\t<h2 data-start=\"158\" data-end=\"215\"><\/h2>\n<h2 data-start=\"158\" data-end=\"215\"><strong data-start=\"162\" data-end=\"213\">Quel atelier de maquillage est fait pour vous ?<\/strong><\/h2>\nApr\u00e8s ces quatre \u00e9tapes essentielles, chaque atelier devient un <strong data-start=\"281\" data-end=\"298\">moment unique<\/strong>, pens\u00e9 pour mettre en pratique les gestes et conseils adapt\u00e9s \u00e0 votre visage, \u00e0 votre peau et \u00e0 votre rythme.<br data-start=\"408\" data-end=\"411\" \/>Vous apprendrez \u00e0 <strong data-start=\"429\" data-end=\"482\">vous maquiller avec confiance, naturel et plaisir<\/strong>, dans un cadre bienveillant et personnalis\u00e9.\nD\u00e9couvrez nos ateliers et choisissez celui qui correspond le mieux \u00e0 votre <strong data-start=\"606\" data-end=\"626\">besoin du moment<\/strong>, pour <strong data-start=\"633\" data-end=\"715\">appliquer ces gestes dans votre quotidien et renforcer votre confiance en vous<\/strong>.\n<h3 data-start=\"531\" data-end=\"718\"><\/h3>\n<p>&nbsp;<\/p>\n<h3 data-start=\"531\" data-end=\"718\"><strong>Choisissez votre Atelier\u00a0<\/strong><\/h3>\n\t\t\t\t\t\t\t<img loading=\"lazy\" src=\"https:\/\/nature-makeup.fr\/wp-content\/uploads\/2025\/11\/atelier-maquillage-1.png\" alt=\"atelier maquillage\" itemprop=\"image\" height=\"1350\" width=\"1080\" title=\"atelier maquillage\" onerror=\"this.style.display='none'\"  sizes=\"(max-width: 768px) 100vw, 100vw\" srcset=\"data:image\/svg+xml;utf8,&lt;svg%20xmlns=&quot;http:\/\/www.w3.org\/2000\/svg&quot;%20viewBox=&quot;0%200%201080%201350&quot;%20height=&quot;1350px&quot;%20width=&quot;1080px&quot;\/&gt;\" data-srcset=\"https:\/\/nature-makeup.fr\/wp-content\/uploads\/2025\/11\/atelier-maquillage-1.png 1080w, https:\/\/nature-makeup.fr\/wp-content\/uploads\/2025\/11\/atelier-maquillage-1-240x300.png 240w, https:\/\/nature-makeup.fr\/wp-content\/uploads\/2025\/11\/atelier-maquillage-1-819x1024.png 819w, https:\/\/nature-makeup.fr\/wp-content\/uploads\/2025\/11\/atelier-maquillage-1-768x960.png 768w, https:\/\/nature-makeup.fr\/wp-content\/uploads\/2025\/11\/atelier-maquillage-1-570x713.png 570w, https:\/\/nature-makeup.fr\/wp-content\/uploads\/2025\/11\/atelier-maquillage-1-380x475.png 380w, https:\/\/nature-makeup.fr\/wp-content\/uploads\/2025\/11\/atelier-maquillage-1-760x950.png 760w, https:\/\/nature-makeup.fr\/wp-content\/uploads\/2025\/11\/atelier-maquillage-1-285x356.png 285w\" \/>\t\t\t\t\t\t\t\n\t\n<p>&nbsp;<\/p>\n<h3>Atelier Individuel &#8211; Maquillage Personnalis\u00e9<\/h3>\n<p><strong>Dur\u00e9e : 2h | Tarif : 120\u202f\u20ac \/ 130\u202fCHF<\/strong><\/p>\n<p><strong>Option compl\u00e9mentaire de suivi<\/strong> en visioconf\u00e9rence : <strong>30 min &#8211; 20 euros<\/strong><\/p>\n<p>Cours d&#8217;auto-maquillage en t\u00eate \u00e0 t\u00eate avec votre maquilleur.<\/p>\n<ul>\n<li>D\u00e9finition de vos besoins et de vos objectifs<\/li>\n<li data-start=\"378\" data-end=\"437\">\nVisite de votre garde-robe beaut\u00e9\n<\/li>\n<li data-start=\"378\" data-end=\"437\">\nAnalyse de votre morphologie visage\n<\/li>\n<li data-start=\"378\" data-end=\"437\">Technique de base de maquillage beaut\u00e9 complet.<\/li>\n<li data-start=\"438\" data-end=\"472\">\nMat\u00e9riel et face-charts inclus\n<\/li>\n<\/ul>\n\n<h5>Zone d&#8217;intervention : Haute-Savoie et Suisse.<br data-start=\"155\" data-end=\"158\" \/>D\u00e9placement inclus dans un rayon de <strong>15 km autour de Mieussy.<\/strong><br data-start=\"218\" data-end=\"221\" \/>Au-del\u00e0, <strong>des frais kilom\u00e9triques s<\/strong>&#8216;appliquent.<\/h5>\n<p>&nbsp;<\/p>\n<p>&nbsp;<\/p>\n\t<h3>Atelier Individuel &#8211; Colorim\u00e9trie et Maquillage<\/h3>\n<p><strong>Dur\u00e9e : 3h | Tarif : 150\u202f\u20ac \/ 160\u202fCHF<\/strong><\/p>\n<p><strong>Option compl\u00e9mentaire de suivi<\/strong> en visioconf\u00e9rence : <strong>30 min &#8211; 20 euros<\/strong><\/p>\n<p>Cours d&#8217;auto-maquillage en t\u00eate \u00e0 t\u00eate avec votre maquilleur (option conseil en image)<\/p>\n<ul>\n<li>D\u00e9finition de vos besoins et de vos objectifs<\/li>\n<li>Visite de votre garde -robe de beaut\u00e9<\/li>\n<li>Analyse colorim\u00e9trique<\/li>\n<li>D\u00e9couverte de votre morphologie visage<\/li>\n<li>Technique de base de maquillage beaut\u00e9 complet.<\/li>\n<li>Mat\u00e9riel et face-charts inclus<\/li>\n<\/ul>\n<h5>Zone d&#8217;intervention : Haute-Savoie et Suisse.<br data-start=\"155\" data-end=\"158\" \/>D\u00e9placement inclus dans un rayon de <strong>15 km autour de Mieussy.<\/strong><br data-start=\"218\" data-end=\"221\" \/>Au-del\u00e0, <strong>des frais kilom\u00e9triques s<\/strong>&#8216;appliquent.<\/h5>\n<p>&nbsp;<\/p>\n\t<p>&nbsp;<\/p>\n<h4>Le formulaire de r\u00e9servation est en cours d&#8217;optimisation.<\/h4>\n<h4>Pour toute question ou r\u00e9servation, vous pouvez \u00e9galement me contacter directement.<\/h4>\n<h4><strong>Par t\u00e9l\u00e9phone au\u00a0 07.81.91.94.69 <\/strong><\/h4>\n<h4><strong>ou email : alexandra@nature-makeup.fr.<\/strong><\/h4>\n<h4>Merci pour votre compr\u00e9hension<\/h4>\n\t<a href=\"http:\/\/nature-makeup.fr\/index.php\/contact\/\" target=\"_self\" role=\"button\" rel=\"noopener\">\n\t\t\t\t\tR\u00e9servez\n\t<\/a>\n\t<h3>Modalit\u00e9s de r\u00e9servation<\/h3>\n<ul>\n<li data-start=\"330\" data-end=\"527\">Pour toute inscription \u00e0 un atelier, un acompte de <strong data-start=\"412\" data-end=\"420\">30 %<\/strong> du montant total est demand\u00e9 afin de garantir votre cr\u00e9neau.<br data-start=\"481\" data-end=\"484\" \/>Le r\u00e8glement de l&#8217;acompte peut se faire :<\/li>\n<li data-start=\"528\" data-end=\"612\">\n<strong data-start=\"530\" data-end=\"555\">par virement bancaire<\/strong> (RIB transmis lors de la confirmation de r\u00e9servation)\n<\/li>\n<li data-start=\"528\" data-end=\"612\">\n<strong>Le solde est \u00e0 r\u00e9gler le jour de l&#8217;atelier, par virement ou en esp\u00e8ces.<\/strong>\n<\/li>\n<\/ul>\n<h3>Pr\u00e9paration personnalis\u00e9e<\/h3>\n<h3>de votre rendez-vous<\/h3>\n<p>&nbsp;<\/p>\nApr\u00e8s la commande, un <strong data-start=\"245\" data-end=\"262\">questionnaire<\/strong> sera envoy\u00e9 pour pr\u00e9parer le rendez-vous de fa\u00e7on personnalis\u00e9e :\n<ul data-start=\"331\" data-end=\"640\">\n<li data-start=\"331\" data-end=\"479\">\nPour les <strong data-start=\"342\" data-end=\"365\">ateliers maquillage<\/strong>, le questionnaire pourra inclure une <strong data-start=\"403\" data-end=\"435\">photo du maquillage habituel<\/strong> afin d&#8217;adapter les conseils \u00e0 la routine.\n<\/li>\n<li data-start=\"480\" data-end=\"640\">\nPour les <strong data-start=\"491\" data-end=\"513\">bilans de vitalit\u00e9<\/strong>, le questionnaire permettra de recueillir les informations n\u00e9cessaires pour un bilan complet et efficace d\u00e8s le rendez-vous.\n<\/li>\n<\/ul>\n<em data-start=\"642\" data-end=\"774\">Les informations et la photo, le cas \u00e9ch\u00e9ant, sont utilis\u00e9es uniquement pour pr\u00e9parer le rendez-vous et resteront confidentielles.<\/em>\n\t\t\t\t\t\t\t<img loading=\"lazy\" width=\"240\" height=\"240\" src=\"http:\/\/nature-makeup.fr\/wp-content\/uploads\/2021\/10\/auto-maquillage-1.png\" alt=\"auto-maquillage\" itemprop=\"image\" title=\"auto-maquillage\" onerror=\"this.style.display='none'\" srcset=\"data:image\/svg+xml;utf8,&lt;svg%20xmlns=&quot;http:\/\/www.w3.org\/2000\/svg&quot;%20viewBox=&quot;0%200%20240%20240&quot;%20height=&quot;240px&quot;%20width=&quot;240px&quot;\/&gt;\" data-srcset=\"https:\/\/nature-makeup.fr\/wp-content\/uploads\/2021\/10\/auto-maquillage-1.png 240w, https:\/\/nature-makeup.fr\/wp-content\/uploads\/2021\/10\/auto-maquillage-1-150x150.png 150w, https:\/\/nature-makeup.fr\/wp-content\/uploads\/2021\/10\/auto-maquillage-1-100x100.png 100w\" sizes=\"(max-width: 240px) 100vw, 240px\" \/>\t\t\t\t\t\t\t\n<h3>\n\tExpertise professionnelle\n\t<\/h3>\n<h3>\n\tDes s\u00e9ances pour apprendre \u00e0 se conna\u00eetre et se mettre en valeur en toute confiance.\n\t<\/h3>\n\t\t\t\t\t\t\t<img loading=\"lazy\" width=\"240\" height=\"240\" src=\"http:\/\/nature-makeup.fr\/wp-content\/uploads\/2021\/10\/makeup-station-1.png\" alt=\"makeup-station\" itemprop=\"image\" title=\"makeup-station\" onerror=\"this.style.display='none'\" srcset=\"data:image\/svg+xml;utf8,&lt;svg%20xmlns=&quot;http:\/\/www.w3.org\/2000\/svg&quot;%20viewBox=&quot;0%200%20240%20240&quot;%20height=&quot;240px&quot;%20width=&quot;240px&quot;\/&gt;\" data-srcset=\"https:\/\/nature-makeup.fr\/wp-content\/uploads\/2021\/10\/makeup-station-1.png 240w, https:\/\/nature-makeup.fr\/wp-content\/uploads\/2021\/10\/makeup-station-1-150x150.png 150w, https:\/\/nature-makeup.fr\/wp-content\/uploads\/2021\/10\/makeup-station-1-100x100.png 100w\" sizes=\"(max-width: 240px) 100vw, 240px\" \/>\t\t\t\t\t\t\t\n<h3>\n\tAccompagnement Nomade\n\t<\/h3>\n<h3>\n\tS\u00e9ances mobiles avec mat\u00e9riel professionnel pour un accompagnement personnalis\u00e9 \u00e0 domicile ou en structure.\n\t<\/h3>\n\t\t\t\t\t\t\t<img loading=\"lazy\" width=\"240\" height=\"240\" src=\"http:\/\/nature-makeup.fr\/wp-content\/uploads\/2021\/10\/haute-savoie-1-1.png\" alt=\"haute-savoie-1\" itemprop=\"image\" title=\"haute-savoie-1\" onerror=\"this.style.display='none'\" srcset=\"data:image\/svg+xml;utf8,&lt;svg%20xmlns=&quot;http:\/\/www.w3.org\/2000\/svg&quot;%20viewBox=&quot;0%200%20240%20240&quot;%20height=&quot;240px&quot;%20width=&quot;240px&quot;\/&gt;\" data-srcset=\"https:\/\/nature-makeup.fr\/wp-content\/uploads\/2021\/10\/haute-savoie-1-1.png 240w, https:\/\/nature-makeup.fr\/wp-content\/uploads\/2021\/10\/haute-savoie-1-1-150x150.png 150w, https:\/\/nature-makeup.fr\/wp-content\/uploads\/2021\/10\/haute-savoie-1-1-100x100.png 100w\" sizes=\"(max-width: 240px) 100vw, 240px\" \/>\t\t\t\t\t\t\t\n<h3>\n\tAccessibilit\u00e9 universelle\n\t<\/h3>\n<h3>\n\tS\u00e9ances ouvertes \u00e0 tous, en individuel ou en structure, pour un accompagnement personnalis\u00e9.\n\t<\/h3>\n\t\t\t\t\t\t\t<img loading=\"lazy\" width=\"240\" height=\"240\" src=\"http:\/\/nature-makeup.fr\/wp-content\/uploads\/2021\/10\/haute-savoie-1.png\" alt=\"haute-savoie\" itemprop=\"image\" title=\"haute-savoie\" onerror=\"this.style.display='none'\" srcset=\"data:image\/svg+xml;utf8,&lt;svg%20xmlns=&quot;http:\/\/www.w3.org\/2000\/svg&quot;%20viewBox=&quot;0%200%20240%20240&quot;%20height=&quot;240px&quot;%20width=&quot;240px&quot;\/&gt;\" data-srcset=\"https:\/\/nature-makeup.fr\/wp-content\/uploads\/2021\/10\/haute-savoie-1.png 240w, https:\/\/nature-makeup.fr\/wp-content\/uploads\/2021\/10\/haute-savoie-1-150x150.png 150w, https:\/\/nature-makeup.fr\/wp-content\/uploads\/2021\/10\/haute-savoie-1-100x100.png 100w\" sizes=\"(max-width: 240px) 100vw, 240px\" \/>\t\t\t\t\t\t\t\n<h5>\n\tInformations &amp; rendez-vous\n\t<\/h5>\n<h3>\n\tJe me d\u00e9place en Haute-Savoie et en Suisse Romande. Contactez-moi au 07 81 91 94 69 ou via le formulaire de contact.\n\t<\/h3>\n\n<\/div><!-- .vgblk-rw-wrapper -->","protected":false},"excerpt":{"rendered":"<p>Notre accompagnement Maquillage Bien-\u00eatre en Haute &#8211; Savoie et Suisse Romande Le Maquillage\u00a0Beaut\u00e9 &amp; Bien -\u00catre Un accompagnement\u00a0 pour r\u00e9v\u00e9ler votre visage, votre confiance et votre \u00e9quilibre. Gr\u00e2ce \u00e0 une approche qui allie gestuelle, d\u00e9couverte de soi et mise en valeur, je vous propose un moment unique de soin, en Haute\u2011Savoie et Suisse Romande. Qu&#8217;est-ce&#8230;<\/p>\n","protected":false},"author":1,"featured_media":0,"parent":988188,"menu_order":1,"comment_status":"closed","ping_status":"closed","template":"","meta":{"inline_featured_image":false},"_links":{"self":[{"href":"https:\/\/nature-makeup.fr\/index.php\/wp-json\/wp\/v2\/pages\/987761"}],"collection":[{"href":"https:\/\/nature-makeup.fr\/index.php\/wp-json\/wp\/v2\/pages"}],"about":[{"href":"https:\/\/nature-makeup.fr\/index.php\/wp-json\/wp\/v2\/types\/page"}],"author":[{"embeddable":true,"href":"https:\/\/nature-makeup.fr\/index.php\/wp-json\/wp\/v2\/users\/1"}],"replies":[{"embeddable":true,"href":"https:\/\/nature-makeup.fr\/index.php\/wp-json\/wp\/v2\/comments?post=987761"}],"version-history":[{"count":47,"href":"https:\/\/nature-makeup.fr\/index.php\/wp-json\/wp\/v2\/pages\/987761\/revisions"}],"predecessor-version":[{"id":988368,"href":"https:\/\/nature-makeup.fr\/index.php\/wp-json\/wp\/v2\/pages\/987761\/revisions\/988368"}],"up":[{"embeddable":true,"href":"https:\/\/nature-makeup.fr\/index.php\/wp-json\/wp\/v2\/pages\/988188"}],"wp:attachment":[{"href":"https:\/\/nature-makeup.fr\/index.php\/wp-json\/wp\/v2\/media?parent=987761"}],"curies":[{"name":"wp","href":"https:\/\/api.w.org\/{rel}","templated":true}]}}